{"id":29290,"date":"2023-10-27T15:47:13","date_gmt":"2023-10-27T13:47:13","guid":{"rendered":"https:\/\/www.atobeiratenis.com\/?page_id=29290"},"modified":"2024-03-13T12:31:25","modified_gmt":"2024-03-13T11:31:25","slug":"declaracion-accesibilidad","status":"publish","type":"page","link":"https:\/\/www.atobeiratenis.com\/en\/declaracion-accesibilidad\/","title":{"rendered":"Declaraci\u00f3n accesibilidad"},"content":{"rendered":"<div data-elementor-type=\"wp-page\" data-elementor-id=\"29290\" class=\"elementor elementor-29290\">\n\t\t\t\t\t\t<section class=\"elementor-section elementor-top-section elementor-element elementor-element-07061d3 elementor-section-boxed elementor-section-height-default elementor-section-height-default\" data-id=\"07061d3\" data-element_type=\"section\" data-e-type=\"section\" data-settings=\"{&quot;background_background&quot;:&quot;classic&quot;,&quot;background_image&quot;:{&quot;url&quot;:&quot;&quot;,&quot;id&quot;:&quot;&quot;,&quot;size&quot;:&quot;&quot;}}\">\n\t\t\t\t\t\t<div class=\"elementor-container elementor-column-gap-default\">\n\t\t\t\t\t<div class=\"elementor-column elementor-col-100 elementor-top-column elementor-element elementor-element-53208f1\" data-id=\"53208f1\" data-element_type=\"column\" data-e-type=\"column\">\n\t\t\t<div class=\"elementor-widget-wrap elementor-element-populated\">\n\t\t\t\t\t\t<div class=\"elementor-element elementor-element-9a78bc2 elementor-widget elementor-widget-heading\" data-id=\"9a78bc2\" data-element_type=\"widget\" data-e-type=\"widget\" data-widget_type=\"heading.default\">\n\t\t\t\t<div class=\"elementor-widget-container\">\n\t\t\t\t\t<h2 class=\"elementor-heading-title elementor-size-default\">Declaraci\u00f3n de accesibilidad<\/h2>\t\t\t\t<\/div>\n\t\t\t\t<\/div>\n\t\t\t\t<div class=\"elementor-element elementor-element-e821176 elementor-widget__width-initial elementor-widget elementor-widget-text-editor\" data-id=\"e821176\" data-element_type=\"widget\" data-e-type=\"widget\" data-widget_type=\"text-editor.default\">\n\t\t\t\t<div class=\"elementor-widget-container\">\n\t\t\t\t\t\t\t\t\t<div class=\"elementor-element elementor-element-2d2c44a9 elementor-widget elementor-widget-heading\" data-id=\"2d2c44a9\" data-element_type=\"widget\" data-widget_type=\"heading.default\">\n<div class=\"elementor-widget-container\">\n<h2 class=\"elementor-heading-title elementor-size-default\"><span style=\"font-family: var( --e-global-typography-text-font-family ), Sans-serif; font-style: inherit; font-weight: inherit; font-size: 16px; color: var( --e-global-color-text );\">CLUB DE TENIS A TOBEIRA&nbsp; se ha comprometido a hacer accesible su sitio web de conformidad con el&nbsp; <\/span><a title=\"Real Decreto 1112\/2018, de 7 de septiembre, sobre accesibilidad de los sitios web y aplicaciones para dispositivos m\u00f3viles del sector p\u00fablico. (Abre en nueva ventana)\" href=\"http:\/\/www.boe.es\/diario_boe\/txt.php?id=BOE-A-2018-12699\" target=\"_blank\" rel=\"noopener\" style=\"font-family: var( --e-global-typography-text-font-family ), Sans-serif; font-style: inherit; font-weight: inherit; font-size: 16px; background-color: rgb(236, 240, 242);\">Real Decreto 1112\/2018, de 7 de septiembre, sobre accesibilidad de los sitios web y aplicaciones para dispositivos m\u00f3viles del sector p\u00fablico.<img decoding=\"async\" src=\"https:\/\/administracionelectronica.gob.es\/resources\/templating-kit\/themes\/pae\/img\/ventana-nueva.gif\" alt=\"(Abre en nueva ventana)\"><\/a><br><\/h2>\n<\/div>\n<\/div>\n<div class=\"elementor-element elementor-element-58f5d074 elementor-widget__width-initial elementor-widget elementor-widget-text-editor\" data-id=\"58f5d074\" data-element_type=\"widget\" data-widget_type=\"text-editor.default\">\n<div class=\"elementor-widget-container\">\n<p>La presente declaraci\u00f3n de accesibilidad se aplica al sitio web&nbsp;<a href=\"https:\/\/www.atobeiratenis.com\/en\/\">https:\/\/www.atobeiratenis.com\/<\/a><\/p>\n<p>Este sitio web es plenamente conforme con RD 1112\/2018.<\/p>\n<p><strong>Nuestro Compromiso:<\/strong><\/p>\n<ol>\n<li>\n<p><strong>Cumplimiento con las Pautas WCAG:<\/strong> Atobeira sigue las Pautas de Accesibilidad para el Contenido Web (WCAG 2.1) para garantizar que nuestro contenido en l\u00ednea sea accesible para todas las personas.<\/p>\n<\/li>\n<li>\n<p><strong>Evaluaci\u00f3n Continua:<\/strong>&nbsp;Realizamos evaluaciones peri\u00f3dicas de accesibilidad para identificar y abordar posibles barreras. Estamos comprometidos a mejorar constantemente nuestra accesibilidad y a implementar soluciones efectivas.<\/p>\n<\/li>\n<li>\n<p><strong>Herramientas de Evaluaci\u00f3n:<\/strong>&nbsp;Utilizamos herramientas autom\u00e1ticas y pruebas manuales para evaluar la accesibilidad de nuestro sitio web. Esto incluye pruebas de teclado, lectores de pantalla y otras tecnolog\u00edas asistivas.<\/p>\n<\/li>\n<\/ol>\n<p><strong>Caracter\u00edsticas Accesibles:<\/strong><\/p>\n<ul>\n<li>Texto Alternativo: Proporcionamos texto alternativo descriptivo para todas las im\u00e1genes y elementos multimedia.<\/li>\n<li>Navegaci\u00f3n Intuitiva: Dise\u00f1amos nuestra interfaz para facilitar la navegaci\u00f3n con teclado y otros dispositivos asistivos.<\/li>\n<li>Contraste Adecuado: Garantizamos un alto contraste entre el texto y el fondo para mejorar la legibilidad.<\/li>\n<li>T\u00edtulos y Encabezados: Utilizamos t\u00edtulos y encabezados descriptivos para estructurar y organizar el contenido.<\/li>\n<\/ul>\n<p><strong>\u00bfNecesitas Ayuda o Quieres Proporcionar Retroalimentaci\u00f3n?<\/strong><\/p>\n<p>Valoramos la retroalimentaci\u00f3n de nuestros usuarios. Si encuentras alguna dificultad de accesibilidad o tienes sugerencias para mejorar, por favor cont\u00e1ctanos a trav\u00e9s de&nbsp;<a href=\"https:\/\/www.atobeiratenis.com\/en\/contactollegar\/\">https:\/\/www.atobeiratenis.com\/contactollegar\/<\/a><\/p>\n<p><strong>Actualizaciones de la Declaraci\u00f3n:<\/strong><\/p>\n<p>Esta declaraci\u00f3n de accesibilidad se revisa y actualiza regularmente para reflejar nuestro compromiso continuo con la accesibilidad digital.<\/p>\n<p>Gracias por elegir Atobeira. Estamos dedicados a proporcionar una experiencia en l\u00ednea accesible para todos.<\/p>\n<\/div>\n<\/div>\t\t\t\t\t\t\t\t<\/div>\n\t\t\t\t<\/div>\n\t\t\t\t\t<\/div>\n\t\t<\/div>\n\t\t\t\t\t<\/div>\n\t\t<\/section>\n\t\t\t\t<\/div>","protected":false},"excerpt":{"rendered":"<p>Declaraci\u00f3n de accesibilidad CLUB DE TENIS A TOBEIRA&nbsp; se ha comprometido a hacer accesible su sitio web de conformidad con el&nbsp; Real Decreto 1112\/2018, de 7 de septiembre, sobre accesibilidad de los sitios web y aplicaciones para dispositivos m\u00f3viles del sector p\u00fablico. La presente declaraci\u00f3n de accesibilidad se aplica al sitio web&nbsp;https:\/\/www.atobeiratenis.com\/ Este sitio web [&hellip;]<\/p>\n","protected":false},"author":1,"featured_media":0,"parent":0,"menu_order":0,"comment_status":"closed","ping_status":"closed","template":"","meta":{"site-sidebar-layout":"no-sidebar","site-content-layout":null,"ast-site-content-layout":"full-width-container","site-content-style":"unboxed","site-sidebar-style":"unboxed","ast-global-header-display":"","ast-banner-title-visibility":"","ast-main-header-display":"","ast-hfb-above-header-display":"","ast-hfb-below-header-display":null,"ast-hfb-mobile-header-display":"","site-post-title":"disabled","ast-breadcrumbs-content":null,"ast-featured-img":"disabled","footer-sml-layout":"","ast-disable-related-posts":"","theme-transparent-header-meta":"default","adv-header-id-meta":null,"stick-header-meta":null,"header-above-stick-meta":null,"header-main-stick-meta":null,"header-below-stick-meta":null,"astra-migrate-meta-layouts":"default","ast-page-background-enabled":"default","ast-page-background-meta":{"desktop":{"background-color":"var(--ast-global-color-4)","background-image":"","background-repeat":"repeat","background-position":"center center","background-size":"auto","background-attachment":"scroll","background-type":"","background-media":"","overlay-type":"","overlay-color":"","overlay-opacity":"","overlay-gradient":""},"tablet":{"background-color":"","background-image":"","background-repeat":"repeat","background-position":"center center","background-size":"auto","background-attachment":"scroll","background-type":"","background-media":"","overlay-type":"","overlay-color":"","overlay-opacity":"","overlay-gradient":""},"mobile":{"background-color":"","background-image":"","background-repeat":"repeat","background-position":"center center","background-size":"auto","background-attachment":"scroll","background-type":"","background-media":"","overlay-type":"","overlay-color":"","overlay-opacity":"","overlay-gradient":""}},"ast-content-background-meta":{"desktop":{"background-color":"var(--ast-global-color-5)","background-image":"","background-repeat":"repeat","background-position":"center center","background-size":"auto","background-attachment":"scroll","background-type":"","background-media":"","overlay-type":"","overlay-color":"","overlay-opacity":"","overlay-gradient":""},"tablet":{"background-color":"var(--ast-global-color-5)","background-image":"","background-repeat":"repeat","background-position":"center center","background-size":"auto","background-attachment":"scroll","background-type":"","background-media":"","overlay-type":"","overlay-color":"","overlay-opacity":"","overlay-gradient":""},"mobile":{"background-color":"var(--ast-global-color-5)","background-image":"","background-repeat":"repeat","background-position":"center center","background-size":"auto","background-attachment":"scroll","background-type":"","background-media":"","overlay-type":"","overlay-color":"","overlay-opacity":"","overlay-gradient":""}},"footnotes":""},"class_list":["post-29290","page","type-page","status-publish","hentry"],"_links":{"self":[{"href":"https:\/\/www.atobeiratenis.com\/en\/wp-json\/wp\/v2\/pages\/29290","targetHints":{"allow":["GET"]}}],"collection":[{"href":"https:\/\/www.atobeiratenis.com\/en\/wp-json\/wp\/v2\/pages"}],"about":[{"href":"https:\/\/www.atobeiratenis.com\/en\/wp-json\/wp\/v2\/types\/page"}],"author":[{"embeddable":true,"href":"https:\/\/www.atobeiratenis.com\/en\/wp-json\/wp\/v2\/users\/1"}],"replies":[{"embeddable":true,"href":"https:\/\/www.atobeiratenis.com\/en\/wp-json\/wp\/v2\/comments?post=29290"}],"version-history":[{"count":17,"href":"https:\/\/www.atobeiratenis.com\/en\/wp-json\/wp\/v2\/pages\/29290\/revisions"}],"predecessor-version":[{"id":29359,"href":"https:\/\/www.atobeiratenis.com\/en\/wp-json\/wp\/v2\/pages\/29290\/revisions\/29359"}],"wp:attachment":[{"href":"https:\/\/www.atobeiratenis.com\/en\/wp-json\/wp\/v2\/media?parent=29290"}],"curies":[{"name":"wp","href":"https:\/\/api.w.org\/{rel}","templated":true}]}}