{"id":28527,"date":"2017-10-20T12:57:11","date_gmt":"2017-10-20T12:57:11","guid":{"rendered":"https:\/\/www.atobeiratenis.com\/avisos-legales\/"},"modified":"2024-01-31T13:34:44","modified_gmt":"2024-01-31T12:34:44","slug":"avisos-legales","status":"publish","type":"page","link":"https:\/\/www.atobeiratenis.com\/en\/avisos-legales\/","title":{"rendered":"AVISO LEGAL Y POLITICA DE PRIVACIDAD"},"content":{"rendered":"<div data-elementor-type=\"wp-page\" data-elementor-id=\"28527\" class=\"elementor elementor-28527\">\n\t\t\t\t\t\t<section class=\"elementor-section elementor-top-section elementor-element elementor-element-55c8dea0 elementor-section-boxed elementor-section-height-default elementor-section-height-default\" data-id=\"55c8dea0\" data-element_type=\"section\" data-e-type=\"section\">\n\t\t\t\t\t\t<div class=\"elementor-container elementor-column-gap-default\">\n\t\t\t\t\t<div class=\"elementor-column elementor-col-100 elementor-top-column elementor-element elementor-element-677b2ea1\" data-id=\"677b2ea1\" data-element_type=\"column\" data-e-type=\"column\">\n\t\t\t<div class=\"elementor-widget-wrap elementor-element-populated\">\n\t\t\t\t\t\t<div class=\"elementor-element elementor-element-522e2d96 elementor-widget elementor-widget-heading\" data-id=\"522e2d96\" data-element_type=\"widget\" data-e-type=\"widget\" data-widget_type=\"heading.default\">\n\t\t\t\t<div class=\"elementor-widget-container\">\n\t\t\t\t\t<h1 class=\"elementor-heading-title elementor-size-default\">Aviso Legal y Pol\u00edtica de privacidad<\/h1>\t\t\t\t<\/div>\n\t\t\t\t<\/div>\n\t\t\t\t\t<\/div>\n\t\t<\/div>\n\t\t\t\t\t<\/div>\n\t\t<\/section>\n\t\t\t\t<section class=\"elementor-section elementor-top-section elementor-element elementor-element-14f8e041 elementor-section-boxed elementor-section-height-default elementor-section-height-default\" data-id=\"14f8e041\" data-element_type=\"section\" data-e-type=\"section\">\n\t\t\t\t\t\t<div class=\"elementor-container elementor-column-gap-default\">\n\t\t\t\t\t<div class=\"elementor-column elementor-col-100 elementor-top-column elementor-element elementor-element-37aefb57\" data-id=\"37aefb57\" data-element_type=\"column\" data-e-type=\"column\">\n\t\t\t<div class=\"elementor-widget-wrap elementor-element-populated\">\n\t\t\t\t\t\t<div class=\"elementor-element elementor-element-4e62f142 elementor-widget elementor-widget-text-editor\" data-id=\"4e62f142\" data-element_type=\"widget\" data-e-type=\"widget\" data-widget_type=\"text-editor.default\">\n\t\t\t\t<div class=\"elementor-widget-container\">\n\t\t\t\t\t\t\t\t\t<p><strong>1.- TITULARIDAD DEL SITIO WEB<\/strong><\/p><p><strong>Responsable:<\/strong><\/p><p>Denominaci\u00f3n Social: CLUB DE TENIS A TOBEIRA<\/p><p>CIF: G36762185<\/p><p>Actividad: Gesti\u00f3n de instalaciones deportivas<\/p><p>Domicilio Social: CAMI\u00d1O TOBEIRA 14, BJS. C.P. 36370 NIGR\u00c1N (PONTEVEDRA)<\/p><p>Tel\u00e9fono de contacto: 986351046<\/p><p>Email de contacto: ATOBEIRA@GMAIL.COM<\/p><p>Perfiles en redes sociales: ***Facebook, Twitter, TripAdvisor, GooglePlus, Instagram<\/p><p>CLUB DE TENIS A TOBEIRA, <strong>responsable del sitio web<\/strong>, pone a disposici\u00f3n de los usuarios y usuarias el presente documento para cumplir con las obligaciones establecidas en la Ley 34\/2002, de 11 julio, de Servicios de la Sociedad de la Informaci\u00f3n y del Comercio Electr\u00f3nico as\u00ed como informar a todos los usuarios y usuarias del sitio web respecto a cu\u00e1les son las condiciones de uso del mismo.<\/p><p>Toda persona que acceda a este sitio web asume la condici\u00f3n de usuario\/a, se compromete a la observancia y cumplimiento de las disposiciones\u00a0 dispuestas, as\u00ed como a cualquier otra obligaci\u00f3n legal aplicable.<\/p><p>El Responsable del sitio web, CLUB DE TENIS A TOBEIRA se reserva el derecho a modificar cualquier tipo de informaci\u00f3n que pudiera aparecer en el sitio web, sin que exista obligaci\u00f3n de aviso previo o poner en conocimiento de los usuarios dichas obligaciones, entendi\u00e9ndose como suficiente con la publicaci\u00f3n en el sitio web.<\/p><p><strong>2.- CONDICIONES GENERALES<\/strong><\/p><p>CLUB DE TENIS A TOBEIRA no ha elaborado los contenidos y los servicios ofrecidos en este sitio web para personas que no residan en aquellas jurisdicciones no autorizadas. El acceso a esta p\u00e1gina web implica la aceptaci\u00f3n de las condiciones legales y los t\u00e9rminos de uso en ella establecidos, su acceso no implicar\u00e1, en ning\u00fan caso, el establecimiento de una relaci\u00f3n comercial entre la empresa titular del sitio web y el usuario o usuaria que en todo caso accede de forma voluntaria a esta p\u00e1gina.<strong>\u00a0\u00a0\u00a0\u00a0\u00a0\u00a0\u00a0\u00a0\u00a0\u00a0 <\/strong><\/p><p><strong>3.- CONTENIDOS<\/strong><\/p><p>Uno de los objetivos primordiales de CLUB DE TENIS A TOBEIRA es evitar errores en los contenidos que son publicados en esta p\u00e1gina web y cuya titularidad es de esa empresa o es la responsable de mantenerlos actualizados, asimismo se reserva el derecho a modificarlos en cualquier momento. CLUB DE TENIS A TOBEIRA no se responsabiliza de las consecuencias derivadas de los errores que pudiesen aparecer en los contenidos publicados en este sitio web. Queda prohibida la inclusi\u00f3n y comunicaci\u00f3n de contenido0s falsos o inexactos por parte de los usuarios\/as y que puedan inducir a error al resto de\u00a0 usuarios o al personal de la empresa.<\/p><p><strong>4.- PROPIEDAD INTELECTUAL E INDUSTRIAL<\/strong> Este sitio web y los contenidos que alberga se encuentran protegidos por la legislaci\u00f3n vigente en materia de propiedad intelectual. Se proh\u00edbe la modificaci\u00f3n, copia, reproducci\u00f3n, descarga, transmisi\u00f3n, distribuci\u00f3n o transformaci\u00f3n de los contenidos de esta p\u00e1gina web sin la autorizaci\u00f3n del titular de los derechos o si no estuviese permitido legalmente. El acceso a esta p\u00e1gina web no presupone la adquisici\u00f3n por parte de los usuarios de derechos de propiedad y\/o uso de los contenidos que en \u00e9sta figuren. Las referencias a marcas comerciales o signos distintivos propiedad de CLUB DE TENIS A TOBEIRA llevan impl\u00edcitas la prohibici\u00f3n de uso por persona o entidad distinta a su titular sin el consentimiento expreso de CLUB DE TENIS A TOBEIRA<\/p><p><strong>5.- PROTECCI\u00d3N DE DATOS Y POL\u00cdTICA DE PRIVACIDAD<\/strong><\/p><p>En virtud del Reglamento (UE) 2016\/679 del Parlamento Europeo y del Consejo, de 27 de abril de 2016, relativo a la protecci\u00f3n de las personas f\u00edsicas en lo que respecta al tratamiento de datos personales y a la libre circulaci\u00f3n de estos datos y por el que se deroga la Directiva 95\/46\/CE (en adelante, Reglamento General de Protecci\u00f3n de Datos) y resto de normativa vigente, el titular de este sitio web, CLUB DE TENIS A TOBEIRA informa al usuario\/a de la existencia de una base de datos de car\u00e1cter personal de su titularidad.<\/p><p>Para m\u00e1s informaci\u00f3n sobre c\u00f3mo tratamos sus datos, acceda a nuestra <em>Pol\u00edtica de privacidad <\/em><\/p><p><strong>6.- L\u00cdMITES A LA RESPONSABILIDAD<\/strong><\/p><p>El titular de este sitio web, CLUB DE TENIS A TOBEIRA no puede garantizar la inexistencia de virus u otros elementos peligrosos que pudiesen causar da\u00f1os en los soportes inform\u00e1ticos de los usuarios y usuarias, no responsabiliz\u00e1ndose de los perjuicios que se pudiesen causar. Asimismo, tampoco se hace responsable\u00a0 del mal uso que un usuario o usuaria pudiese hacer de este sitio web.<\/p><p><strong>7.-\u00a0 LEGISLACI\u00d3N APLICABLE Y JURISDICCI\u00d3N COMPETENTE<\/strong><\/p><p>Los t\u00e9rminos y condiciones expuestas en esta p\u00e1gina web y las relaciones que pudieran derivarse est\u00e1n sujetos a la legislaci\u00f3n espa\u00f1ola vigente. La resoluci\u00f3n de cualquier controversia, litio o discrepancia que pudiera surgir entre el usuario\/a y CLUB DE TENIS A TOBEIRA quedar\u00e1 sometida a la competencia territorial de los juzgados y tribunales de VIGO (Espa\u00f1a).<\/p><h2><a>POL\u00cdTICA DE PRIVACIDAD<\/a><\/h2><p>En cumplimiento del art\u00edculo 10 de la Ley 34\/2002, de servicios de la Sociedad de la Informaci\u00f3n y Comercio Electr\u00f3nico, del art\u00edculo 13 del RGPD 2016\/679 DEL PARLAMENTO EUROPEO Y DEL CONSEJO de 27 de abril de 2016 relativo a la protecci\u00f3n de las personas f\u00edsicas en lo que respecta al tratamiento de datos personales y a la libre circulaci\u00f3n de estos datos y la Ley Org\u00e1nica 3\/2018 de 5 de diciembre de Protecci\u00f3n de Datos Personales y garant\u00edas de los derechos digitales, se exponen a continuaci\u00f3n los datos identificativos de la entidad:<\/p><p>RESPONSABLE DEL TRATAMIENTO: CLUB DE TENIS A TOBEIRA<\/p><p>CIF: G36762185<\/p><p>Domicilio Social: CAMI\u00d1O TOBEIRA 14, BJS. C.P. 36370 NIGR\u00c1N (PONTEVEDRA)<\/p><p>Responsable de Seguridad: JOAQU\u00cdN ABILIO GONZ\u00c1LEZ GONZ\u00c1LEZ<\/p><p>Tel\u00e9fono de contacto: 986351046<\/p><p>Email de contacto para pol\u00edtica de privacidad: ATOBEIRA@GMAIL.COM<\/p><p>Nuestra Pol\u00edtica de Privacidad establece los t\u00e9rminos en que CLUB DE TENIS A TOBEIRA usa y protege la informaci\u00f3n que es proporcionada por sus usuarios en el momento de utilizar nuestro sitio web. Esta compa\u00f1\u00eda est\u00e1 comprometida con la seguridad de los datos de sus usuarios y usuarias. Cuando le pedimos llenar los campos de informaci\u00f3n personal con la cual usted pueda ser identificado, lo hacemos asegurando que s\u00f3lo se emplear\u00e1 de acuerdo con los t\u00e9rminos de este documento. Sin embargo esta Pol\u00edtica de Privacidad puede cambiar con el tiempo o ser actualizada por lo que le recomendamos y enfatizamos revisar continuamente esta p\u00e1gina para asegurarse que est\u00e1 de acuerdo con dichos cambios.<\/p><p>Esta p\u00e1gina web se rige por la normativa aplicable en Espa\u00f1a, quedando sometida a ella, tanto nacionales como extranjeros que la utilicen y en adelante a la Ley 34\/2002, de 11 de Julio, de Servicios de la Sociedad de la Informaci\u00f3n y de Comercio Electr\u00f3nico y al REGLAMENTO (UE) 2016\/679 del Parlamento Europeo y del Consejo de 27 de abril de 2016 relativo a la protecci\u00f3n de las personas f\u00edsicas en lo que respecta al tratamiento de datos personales y a la libre circulaci\u00f3n de estos datos, resto de normativa actualmente vigente, la vigente Ley Org\u00e1nica 3\/2018, de 5 de diciembre, de Protecci\u00f3n de Datos Personales y garant\u00eda de los derechos digitales, CLUB DE TENIS A TOBEIRA como titular de esta p\u00e1gina web NOMBRE PAGINA WEB le informa que los datos solicitados a trav\u00e9s de los formularios\u00a0 de recogida existentes en esta p\u00e1gina ser\u00e1n tratados, en todo momento, conforme a la normativa vigente\u00a0 en materia de protecci\u00f3n de datos de car\u00e1cter personal.<\/p><p>El acceso a nuestra p\u00e1gina web por parte del usuario o usuaria es gratuito y est\u00e1 condicionado a la previa lectura y aceptaci\u00f3n \u00edntegra, expresa y sin reservas de las Condiciones generales de uso vigentes en el momento del acceso.<\/p><p>Los usuarios\/as garantizar\u00e1n y responder\u00e1n, en cualquier caso, de la veracidad, exactitud y autenticidad de los datos de car\u00e1cter personal facilitados. Si la persona usuaria va a facilitar datos de car\u00e1cter personal de terceros a trav\u00e9s de la presente p\u00e1gina Web, deber\u00e1 informar previamente a \u00e9stos, del contenido de la cl\u00e1usula de protecci\u00f3n de datos que sea aplicable para la usuaria\/o, as\u00ed como obtener su consentimiento, siempre que fuere preciso. En virtud de la legislaci\u00f3n vigente se requiere la edad m\u00ednima de 14 a\u00f1os para proporcionar datos de car\u00e1cter personal en este sitio web.<\/p><ul><li><strong>Informaci\u00f3n que es recogida<\/strong>: Nuestro sitio web podr\u00e1 recoger la siguiente\u00a0 informaci\u00f3n personal: nombre,\u00a0 informaci\u00f3n de contacto como\u00a0 su direcci\u00f3n de correo electr\u00f3nica e informaci\u00f3n demogr\u00e1fica. As\u00ed mismo cuando sea necesario podr\u00e1 ser requerida informaci\u00f3n espec\u00edfica para procesar alg\u00fan pedido o realizar una entrega o facturaci\u00f3n.<\/li><\/ul><p><strong>Finalidad de la informaci\u00f3n recogida<\/strong>: Nuestro sitio web emplea la informaci\u00f3n con el fin de proporcionar el mejor servicio posible, particularmente para mantener un registro de usuarios y mejorar nuestros productos y servicios.\u00a0 Es posible que sean enviados correos electr\u00f3nicos peri\u00f3dicamente a trav\u00e9s de nuestro sitio con ofertas especiales, nuevos productos y otra informaci\u00f3n publicitaria que consideremos relevante para usted o que pueda brindarle alg\u00fan beneficio, estos correos electr\u00f3nicos ser\u00e1n enviados a la direcci\u00f3n que usted proporcione y podr\u00e1n ser cancelados en cualquier momento.<\/p><p><strong>Legitimaci\u00f3n<\/strong>: La base legal para el tratamiento de los datos es el consentimiento de las personas interesadas para la tramitaci\u00f3n y gesti\u00f3n de cualquier solicitud de informaci\u00f3n o consulta sobre nuestros servicios profesionales, as\u00ed como para el env\u00edo de comunicaciones comerciales llevadas a cabo por CLUB DE TENIS A TOBEIRA<\/p><p><strong>Garantizar la protecci\u00f3n de los datos:<\/strong> CLUB DE TENIS A TOBEIRA est\u00e1 altamente comprometido para cumplir con el deber de mantener su informaci\u00f3n segura. Usamos los sistemas m\u00e1s avanzados y los actualizamos constantemente para asegurarnos que no exista ning\u00fan acceso no autorizado.<\/p><p><strong>Plazo de conservaci\u00f3n de los datos: <\/strong>Sus datos se conservar\u00e1n mientras dure la relaci\u00f3n comercial con nosotros o ejercite su derecho de cancelaci\u00f3n u oposici\u00f3n, o limitaci\u00f3n al tratamiento. Sin embargo, conservaremos determinados datos personales identificativos y del tr\u00e1fico durante el plazo m\u00e1ximo de 2 a\u00f1os para el caso de que fuera requerido por los Jueces y Tribunales o para incoar acciones internas derivadas del uso indebido de la p\u00e1gina web.<\/p><p><strong>Cesi\u00f3n de datos:<\/strong> Esta compa\u00f1\u00eda no vender\u00e1, ceder\u00e1 ni distribuir\u00e1 la informaci\u00f3n personal que es recopilada sin su consentimiento. Dentro de la relaci\u00f3n contractual establecida con los clientes y clientas sus datos personales de identificaci\u00f3n podr\u00e1n ser comunicados a terceros colaboradores con la exclusiva finalidad de ejecutar el servicio contratado por el usuario. Usted podr\u00e1 negarse de forma expresa a la cesi\u00f3n de sus datos que como cliente haya facilitado en el momento de contratar las prestaciones de CLUB DE TENIS A TOBEIRA Los datos que se faciliten al cubrir el formulario contenido en este sitio web no ser\u00e1n cedidos a ninguna otra empresa y pasar\u00e1n a formar parte del tratamiento de potenciales clientes registrado por CLUB DE TENIS A TOBEIRA.<\/p><p><strong>Transferencia internacional de datos: <\/strong>CLUB DE TENIS A TOBEIRA no realiza transmisiones internacionales fuera de la Uni\u00f3n Europea de los datos de car\u00e1cter personal que somete a tratamiento.<\/p><p><strong>Ejercicio de sus derechos: <\/strong>En calidad de interesada o interesado y titular de los datos de car\u00e1cter personal sometidos a tratamiento por parte deCLUB DE TENIS A TOBEIRA tiene derecho a ejercer los siguientes derechos:<\/p><ul><li>Derecho de acceso: derecho a conocer y obtener informaci\u00f3n sobre sus datos que estamos sometiendo a tratamiento.<\/li><li>Derecho de rectificaci\u00f3n o supresi\u00f3n: derecho a corregir o modificar los datos proporcionados en su momento que sean inexactos o incompletos<\/li><li>Derecho de cancelaci\u00f3n: derecho a solicitar la eliminaci\u00f3n de los datos de car\u00e1cter personal sometidos a tratamiento por parte de CLUB DE TENIS A TOBEIRA<\/li><li>Limitaci\u00f3n del tratamiento: conlleva el marcado de los datos personales conservados, con la finalidad de limitar su futuro tratamiento.<\/li><li>Derecho de oposici\u00f3n: derecho a que sus datos no sean sometido o tratamiento o se cese en su ejecuci\u00f3n.<\/li><li>Portabilidad de los datos: derecho a que sus datos sean facilitados a otro responsable del tratamiento sin impedimento alguno.<\/li><\/ul><p>Usted tiene derecho a ejercer estos derechos en cualquier momento y a obtener respuesta a su solicitud por parte de CLUB DE TENIS A TOBEIRA en el plazo m\u00e1ximo de un mes. Para el ejercicio de estos derechos deber\u00e1 enviar una solicitud en la que se adjunte una copia de su DNI a la direcci\u00f3n CAMI\u00d1O TOBEIRA 14, BJS. C.P. 36370 NIGR\u00c1N (PONTEVEDRA) o v\u00eda correo electr\u00f3nico a ATOBEIRA@GMAIL.COM. Asimismo, tiene derecho a presentar una reclamaci\u00f3n ante la autoridad de control competente, en este caso la Agencia Espa\u00f1ola de Protecci\u00f3n de Datos (aepd.es) si considerase vulnerados sus derechos en materia de protecci\u00f3n de datos de car\u00e1cter personal.\u00a0<\/p><p>CLUB DE TENIS A TOBEIRA Se reserva el derecho de cambiar los t\u00e9rminos de la presente Pol\u00edtica de Privacidad en cualquier momento.<\/p>\t\t\t\t\t\t\t\t<\/div>\n\t\t\t\t<\/div>\n\t\t\t\t\t<\/div>\n\t\t<\/div>\n\t\t\t\t\t<\/div>\n\t\t<\/section>\n\t\t\t\t<\/div>","protected":false},"excerpt":{"rendered":"<p>Aviso Legal y Pol\u00edtica de privacidad 1.- TITULARIDAD DEL SITIO WEB Responsable: Denominaci\u00f3n Social: CLUB DE TENIS A TOBEIRA CIF: G36762185 Actividad: Gesti\u00f3n de instalaciones deportivas Domicilio Social: CAMI\u00d1O TOBEIRA 14, BJS. C.P. 36370 NIGR\u00c1N (PONTEVEDRA) Tel\u00e9fono de contacto: 986351046 Email de contacto: ATOBEIRA@GMAIL.COM Perfiles en redes sociales: ***Facebook, Twitter, TripAdvisor, GooglePlus, Instagram CLUB DE [&hellip;]<\/p>\n","protected":false},"author":1,"featured_media":0,"parent":0,"menu_order":0,"comment_status":"closed","ping_status":"closed","template":"","meta":{"site-sidebar-layout":"default","site-content-layout":null,"ast-site-content-layout":"default","site-content-style":"default","site-sidebar-style":"default","ast-global-header-display":"","ast-banner-title-visibility":"","ast-main-header-display":"","ast-hfb-above-header-display":"","ast-hfb-below-header-display":null,"ast-hfb-mobile-header-display":"","site-post-title":"","ast-breadcrumbs-content":null,"ast-featured-img":"","footer-sml-layout":"","ast-disable-related-posts":"","theme-transparent-header-meta":"","adv-header-id-meta":null,"stick-header-meta":null,"header-above-stick-meta":null,"header-main-stick-meta":null,"header-below-stick-meta":null,"astra-migrate-meta-layouts":"default","ast-page-background-enabled":"default","ast-page-background-meta":{"desktop":{"background-color":"var(--ast-global-color-4)","background-image":"","background-repeat":"repeat","background-position":"center center","background-size":"auto","background-attachment":"scroll","background-type":"","background-media":"","overlay-type":"","overlay-color":"","overlay-opacity":"","overlay-gradient":""},"tablet":{"background-color":"","background-image":"","background-repeat":"repeat","background-position":"center center","background-size":"auto","background-attachment":"scroll","background-type":"","background-media":"","overlay-type":"","overlay-color":"","overlay-opacity":"","overlay-gradient":""},"mobile":{"background-color":"","background-image":"","background-repeat":"repeat","background-position":"center center","background-size":"auto","background-attachment":"scroll","background-type":"","background-media":"","overlay-type":"","overlay-color":"","overlay-opacity":"","overlay-gradient":""}},"ast-content-background-meta":{"desktop":{"background-color":"var(--ast-global-color-5)","background-image":"","background-repeat":"repeat","background-position":"center center","background-size":"auto","background-attachment":"scroll","background-type":"","background-media":"","overlay-type":"","overlay-color":"","overlay-opacity":"","overlay-gradient":""},"tablet":{"background-color":"var(--ast-global-color-5)","background-image":"","background-repeat":"repeat","background-position":"center center","background-size":"auto","background-attachment":"scroll","background-type":"","background-media":"","overlay-type":"","overlay-color":"","overlay-opacity":"","overlay-gradient":""},"mobile":{"background-color":"var(--ast-global-color-5)","background-image":"","background-repeat":"repeat","background-position":"center center","background-size":"auto","background-attachment":"scroll","background-type":"","background-media":"","overlay-type":"","overlay-color":"","overlay-opacity":"","overlay-gradient":""}},"footnotes":""},"class_list":["post-28527","page","type-page","status-publish","hentry"],"_links":{"self":[{"href":"https:\/\/www.atobeiratenis.com\/en\/wp-json\/wp\/v2\/pages\/28527","targetHints":{"allow":["GET"]}}],"collection":[{"href":"https:\/\/www.atobeiratenis.com\/en\/wp-json\/wp\/v2\/pages"}],"about":[{"href":"https:\/\/www.atobeiratenis.com\/en\/wp-json\/wp\/v2\/types\/page"}],"author":[{"embeddable":true,"href":"https:\/\/www.atobeiratenis.com\/en\/wp-json\/wp\/v2\/users\/1"}],"replies":[{"embeddable":true,"href":"https:\/\/www.atobeiratenis.com\/en\/wp-json\/wp\/v2\/comments?post=28527"}],"version-history":[{"count":6,"href":"https:\/\/www.atobeiratenis.com\/en\/wp-json\/wp\/v2\/pages\/28527\/revisions"}],"predecessor-version":[{"id":29133,"href":"https:\/\/www.atobeiratenis.com\/en\/wp-json\/wp\/v2\/pages\/28527\/revisions\/29133"}],"wp:attachment":[{"href":"https:\/\/www.atobeiratenis.com\/en\/wp-json\/wp\/v2\/media?parent=28527"}],"curies":[{"name":"wp","href":"https:\/\/api.w.org\/{rel}","templated":true}]}}