{"id":26870,"date":"2022-07-01T09:48:11","date_gmt":"2022-07-01T09:48:11","guid":{"rendered":"https:\/\/www.atobeiratenis.com\/hacerse-socio\/"},"modified":"2023-10-25T17:39:39","modified_gmt":"2023-10-25T15:39:39","slug":"hacerse-socio","status":"publish","type":"page","link":"https:\/\/www.atobeiratenis.com\/en\/hacerse-socio\/","title":{"rendered":"Hacerse Socio"},"content":{"rendered":"<div data-elementor-type=\"wp-page\" data-elementor-id=\"26870\" class=\"elementor elementor-26870\">\n\t\t\t\t\t\t<section class=\"elementor-section elementor-top-section elementor-element elementor-element-23efae6b elementor-section-boxed elementor-section-height-default elementor-section-height-default\" data-id=\"23efae6b\" data-element_type=\"section\" data-e-type=\"section\" data-settings=\"{&quot;background_background&quot;:&quot;classic&quot;,&quot;background_image&quot;:{&quot;url&quot;:&quot;&quot;,&quot;id&quot;:&quot;&quot;,&quot;size&quot;:&quot;&quot;}}\">\n\t\t\t\t\t\t<div class=\"elementor-container elementor-column-gap-no\">\n\t\t\t\t\t<div class=\"elementor-column elementor-col-100 elementor-top-column elementor-element elementor-element-726e14dc\" data-id=\"726e14dc\" data-element_type=\"column\" data-e-type=\"column\">\n\t\t\t<div class=\"elementor-widget-wrap elementor-element-populated\">\n\t\t\t\t\t\t<div class=\"elementor-element elementor-element-176a73f2 elementor-widget elementor-widget-heading\" data-id=\"176a73f2\" data-element_type=\"widget\" data-e-type=\"widget\" data-widget_type=\"heading.default\">\n\t\t\t\t<div class=\"elementor-widget-container\">\n\t\t\t\t\t<h1 class=\"elementor-heading-title elementor-size-default\">Become a member<\/h1>\t\t\t\t<\/div>\n\t\t\t\t<\/div>\n\t\t\t\t<div class=\"elementor-element elementor-element-6ad187d3 elementor-widget elementor-widget-heading\" data-id=\"6ad187d3\" data-element_type=\"widget\" data-e-type=\"widget\" data-widget_type=\"heading.default\">\n\t\t\t\t<div class=\"elementor-widget-container\">\n\t\t\t\t\t<h2 class=\"elementor-heading-title elementor-size-default\">Singles, family or junior<\/h2>\t\t\t\t<\/div>\n\t\t\t\t<\/div>\n\t\t\t\t\t<\/div>\n\t\t<\/div>\n\t\t\t\t\t<\/div>\n\t\t<\/section>\n\t\t\t\t<section class=\"elementor-section elementor-top-section elementor-element elementor-element-5535932c elementor-section-boxed elementor-section-height-default elementor-section-height-default\" data-id=\"5535932c\" data-element_type=\"section\" data-e-type=\"section\" data-settings=\"{&quot;background_background&quot;:&quot;classic&quot;,&quot;background_image&quot;:{&quot;url&quot;:&quot;&quot;,&quot;id&quot;:&quot;&quot;,&quot;size&quot;:&quot;&quot;}}\">\n\t\t\t\t\t\t<div class=\"elementor-container elementor-column-gap-no\">\n\t\t\t\t\t<div class=\"elementor-column elementor-col-100 elementor-top-column elementor-element elementor-element-4de60a31\" data-id=\"4de60a31\" data-element_type=\"column\" data-e-type=\"column\">\n\t\t\t<div class=\"elementor-widget-wrap elementor-element-populated\">\n\t\t\t\t\t\t<div class=\"elementor-element elementor-element-602ca35b elementor-widget elementor-widget-spacer\" data-id=\"602ca35b\" data-element_type=\"widget\" data-e-type=\"widget\" data-widget_type=\"spacer.default\">\n\t\t\t\t<div class=\"elementor-widget-container\">\n\t\t\t\t\t\t\t<div class=\"elementor-spacer\">\n\t\t\t<div class=\"elementor-spacer-inner\"><\/div>\n\t\t<\/div>\n\t\t\t\t\t\t<\/div>\n\t\t\t\t<\/div>\n\t\t\t\t\t<\/div>\n\t\t<\/div>\n\t\t\t\t\t<\/div>\n\t\t<\/section>\n\t\t\t\t<section class=\"elementor-section elementor-top-section elementor-element elementor-element-16417ad2 elementor-section-boxed elementor-section-height-default elementor-section-height-default\" data-id=\"16417ad2\" data-element_type=\"section\" data-e-type=\"section\">\n\t\t\t\t\t\t<div class=\"elementor-container elementor-column-gap-no\">\n\t\t\t\t\t<div class=\"elementor-column elementor-col-50 elementor-top-column elementor-element elementor-element-781c8bd3\" data-id=\"781c8bd3\" data-element_type=\"column\" data-e-type=\"column\">\n\t\t\t<div class=\"elementor-widget-wrap elementor-element-populated\">\n\t\t\t\t\t\t<div class=\"elementor-element elementor-element-42b82baf elementor-vertical-align-top elementor-widget elementor-widget-image-box\" data-id=\"42b82baf\" data-element_type=\"widget\" data-e-type=\"widget\" data-widget_type=\"image-box.default\">\n\t\t\t\t<div class=\"elementor-widget-container\">\n\t\t\t\t\t<div class=\"elementor-image-box-wrapper\"><div class=\"elementor-image-box-content\"><h2 class=\"elementor-image-box-title\">Services and Rates<\/h2><p class=\"elementor-image-box-description\">Below we detail the services that you can enjoy when you become a member of our club. If you need help or want to see the club, just contact us. <\/p><\/div><\/div>\t\t\t\t<\/div>\n\t\t\t\t<\/div>\n\t\t\t\t\t<\/div>\n\t\t<\/div>\n\t\t\t\t<div class=\"elementor-column elementor-col-50 elementor-top-column elementor-element elementor-element-29ad5885\" data-id=\"29ad5885\" data-element_type=\"column\" data-e-type=\"column\">\n\t\t\t<div class=\"elementor-widget-wrap elementor-element-populated\">\n\t\t\t\t\t\t<div class=\"elementor-element elementor-element-8a60455 elementor-widget elementor-widget-eael-adv-accordion\" data-id=\"8a60455\" data-element_type=\"widget\" data-e-type=\"widget\" data-widget_type=\"eael-adv-accordion.default\">\n\t\t\t\t<div class=\"elementor-widget-container\">\n\t\t\t\t\t            <div class=\"eael-adv-accordion\" id=\"eael-adv-accordion-8a60455\" data-scroll-on-click=\"no\" data-scroll-speed=\"300\" data-accordion-id=\"8a60455\" data-accordion-type=\"accordion\" data-toogle-speed=\"300\">\n            <div class=\"eael-accordion-list\">\n\t\t\t\t\t<div id=\"como-hacerse-socio\" class=\"elementor-tab-title eael-accordion-header\" tabindex=\"0\" data-tab=\"1\" aria-controls=\"elementor-tab-content-1451\"><span class=\"eael-advanced-accordion-icon-closed\"><i aria-hidden=\"true\" class=\"fa-accordion-icon fas fa-plus\"><\/i><\/span><span class=\"eael-advanced-accordion-icon-opened\"><i aria-hidden=\"true\" class=\"fa-accordion-icon fas fa-minus\"><\/i><\/span><span class=\"eael-accordion-tab-title\">How to become a member?<\/span><i aria-hidden=\"true\" class=\"fa-toggle fas fa-angle-right\"><\/i><\/div><div id=\"elementor-tab-content-1451\" class=\"eael-accordion-content clearfix\" data-tab=\"1\" aria-labelledby=\"como-hacerse-socio\"><p>Contact us to register as a member.\u00a0<\/p><p>Como socio individual, familiar o junior:<\/p><ul><li>1st Year: you can pay the entire fee (since there is no entrance fee) but we also make it easy to divide it.<\/li><li>2nd Year and later: the fee is paid quarterly.<\/li><\/ul><\/div>\n\t\t\t\t\t<\/div><div class=\"eael-accordion-list\">\n\t\t\t\t\t<div id=\"acceso-escuela-de-tenis-nis\" class=\"elementor-tab-title eael-accordion-header\" tabindex=\"0\" data-tab=\"2\" aria-controls=\"elementor-tab-content-1452\"><span class=\"eael-advanced-accordion-icon-closed\"><i aria-hidden=\"true\" class=\"fa-accordion-icon fas fa-plus\"><\/i><\/span><span class=\"eael-advanced-accordion-icon-opened\"><i aria-hidden=\"true\" class=\"fa-accordion-icon fas fa-minus\"><\/i><\/span><span class=\"eael-accordion-tab-title\">Tennis school access (children)<\/span><i aria-hidden=\"true\" class=\"fa-toggle fas fa-angle-right\"><\/i><\/div><div id=\"elementor-tab-content-1452\" class=\"eael-accordion-content clearfix\" data-tab=\"2\" aria-labelledby=\"acceso-escuela-de-tenis-nis\"><ul><li>For children, access to the tennis school can be through the junior membership fee (includes access to activities) or through access only and exclusively to the tennis school with the monthly payment for the classes that is made based on of the number of weekly hours contracted.<\/li><li>The member does not pay School Access tuition.<\/li><\/ul><\/div>\n\t\t\t\t\t<\/div><div class=\"eael-accordion-list\">\n\t\t\t\t\t<div id=\"tarifas\" class=\"elementor-tab-title eael-accordion-header\" tabindex=\"0\" data-tab=\"3\" aria-controls=\"elementor-tab-content-1453\"><span class=\"eael-advanced-accordion-icon-closed\"><i aria-hidden=\"true\" class=\"fa-accordion-icon fas fa-plus\"><\/i><\/span><span class=\"eael-advanced-accordion-icon-opened\"><i aria-hidden=\"true\" class=\"fa-accordion-icon fas fa-minus\"><\/i><\/span><span class=\"eael-accordion-tab-title\">Rates<\/span><i aria-hidden=\"true\" class=\"fa-toggle fas fa-angle-right\"><\/i><\/div><div id=\"elementor-tab-content-1453\" class=\"eael-accordion-content clearfix\" data-tab=\"3\" aria-labelledby=\"tarifas\"><p class=\"p1\"><strong>Access prices:<\/strong><\/p><p>FAMILY MEMBER FEE: \u20ac536 per year<br \/>INDIVIDUAL MEMBER FEE: \u20ac464 per year<br \/>JUNIOR MEMBER FEE FROM 17 TO 29 YEARS: \u20ac372 per year<br \/>JUNIOR MEMBER FEE FROM 10 TO 16 YEARS: \u20ac264 per year<\/p><p><strong>TENNIS SCHOOL PARTNERS:<\/strong> <br \/>ADULTS FROM \u20ac48 (1.5H\/week) per month<br \/>CHILDREN MEMBERS FROM (\u20ac35 1h\/week, \u20ac48 1.5h\/week) per month<\/p><p><strong>TENNIS SCHOOL NON-MEMBERS:<\/strong><br \/>CHILDREN FROM \u20ac46 \/1h\/week, \u20ac63 1.5h\/week) per month<\/p><\/div>\n\t\t\t\t\t<\/div><div class=\"eael-accordion-list\">\n\t\t\t\t\t<div id=\"horarios-y-servicios\" class=\"elementor-tab-title eael-accordion-header\" tabindex=\"0\" data-tab=\"4\" aria-controls=\"elementor-tab-content-1454\"><span class=\"eael-advanced-accordion-icon-closed\"><i aria-hidden=\"true\" class=\"fa-accordion-icon fas fa-plus\"><\/i><\/span><span class=\"eael-advanced-accordion-icon-opened\"><i aria-hidden=\"true\" class=\"fa-accordion-icon fas fa-minus\"><\/i><\/span><span class=\"eael-accordion-tab-title\">Schedules and Services<\/span><i aria-hidden=\"true\" class=\"fa-toggle fas fa-angle-right\"><\/i><\/div><div id=\"elementor-tab-content-1454\" class=\"eael-accordion-content clearfix\" data-tab=\"4\" aria-labelledby=\"horarios-y-servicios\"><p>Every Day of the Week from 10 to the End of the Day.<\/p><\/div>\n\t\t\t\t\t<\/div><div class=\"eael-accordion-list\">\n\t\t\t\t\t<div id=\"reservas-de-pistas\" class=\"elementor-tab-title eael-accordion-header\" tabindex=\"0\" data-tab=\"5\" aria-controls=\"elementor-tab-content-1455\"><span class=\"eael-advanced-accordion-icon-closed\"><i aria-hidden=\"true\" class=\"fa-accordion-icon fas fa-plus\"><\/i><\/span><span class=\"eael-advanced-accordion-icon-opened\"><i aria-hidden=\"true\" class=\"fa-accordion-icon fas fa-minus\"><\/i><\/span><span class=\"eael-accordion-tab-title\">Court reservations<\/span><i aria-hidden=\"true\" class=\"fa-toggle fas fa-angle-right\"><\/i><\/div><div id=\"elementor-tab-content-1455\" class=\"eael-accordion-content clearfix\" data-tab=\"5\" aria-labelledby=\"reservas-de-pistas\"><p>They will be done a maximum of one day in advance. The reservation of the court will be made by choice, by court availability and\/or at the discretion of Atobeira, by rotating system or assignment on the days and hours of greatest influx or according to the circumstances. You can reserve a maximum of 1.30 hours of track time per day. Only regular members can reserve a court. Children of members will not be able to reserve a court.<\/p><\/div>\n\t\t\t\t\t<\/div><\/div>\t\t\t\t<\/div>\n\t\t\t\t<\/div>\n\t\t\t\t\t<\/div>\n\t\t<\/div>\n\t\t\t\t\t<\/div>\n\t\t<\/section>\n\t\t\t\t<section class=\"elementor-section elementor-top-section elementor-element elementor-element-1ce83b88 elementor-section-content-middle elementor-section-boxed elementor-section-height-default elementor-section-height-default\" data-id=\"1ce83b88\" data-element_type=\"section\" data-e-type=\"section\" data-settings=\"{&quot;background_background&quot;:&quot;classic&quot;,&quot;background_image&quot;:{&quot;url&quot;:&quot;&quot;,&quot;id&quot;:&quot;&quot;,&quot;size&quot;:&quot;&quot;}}\">\n\t\t\t\t\t\t<div class=\"elementor-container elementor-column-gap-no\">\n\t\t\t\t\t<div class=\"elementor-column elementor-col-50 elementor-top-column elementor-element elementor-element-6f42a7ea\" data-id=\"6f42a7ea\" data-element_type=\"column\" data-e-type=\"column\">\n\t\t\t<div class=\"elementor-widget-wrap elementor-element-populated\">\n\t\t\t\t\t\t<div class=\"elementor-element elementor-element-52afaa91 elementor-widget elementor-widget-heading\" data-id=\"52afaa91\" data-element_type=\"widget\" data-e-type=\"widget\" data-widget_type=\"heading.default\">\n\t\t\t\t<div class=\"elementor-widget-container\">\n\t\t\t\t\t<h2 class=\"elementor-heading-title elementor-size-default\">Contact form<\/h2>\t\t\t\t<\/div>\n\t\t\t\t<\/div>\n\t\t\t\t\t<\/div>\n\t\t<\/div>\n\t\t\t\t<div class=\"elementor-column elementor-col-50 elementor-top-column elementor-element elementor-element-7738c5c3\" data-id=\"7738c5c3\" data-element_type=\"column\" data-e-type=\"column\">\n\t\t\t<div class=\"elementor-widget-wrap elementor-element-populated\">\n\t\t\t\t\t\t<div class=\"elementor-element elementor-element-2f6c4a4c elementor-vertical-align-top elementor-widget elementor-widget-image-box\" data-id=\"2f6c4a4c\" data-element_type=\"widget\" data-e-type=\"widget\" data-widget_type=\"image-box.default\">\n\t\t\t\t<div class=\"elementor-widget-container\">\n\t\t\t\t\t<div class=\"elementor-image-box-wrapper\"><div class=\"elementor-image-box-content\"><h3 class=\"elementor-image-box-title\"><a href=\"tel:+34636015391\">Phone<\/a><\/h3><p class=\"elementor-image-box-description\">636015391<\/p><\/div><\/div>\t\t\t\t<\/div>\n\t\t\t\t<\/div>\n\t\t\t\t<div class=\"elementor-element elementor-element-b93ed7e elementor-vertical-align-top elementor-widget elementor-widget-image-box\" data-id=\"b93ed7e\" data-element_type=\"widget\" data-e-type=\"widget\" data-widget_type=\"image-box.default\">\n\t\t\t\t<div class=\"elementor-widget-container\">\n\t\t\t\t\t<div class=\"elementor-image-box-wrapper\"><div class=\"elementor-image-box-content\"><h3 class=\"elementor-image-box-title\"><a href=\"mailto:atobeira@gmail.com\">Email<\/a><\/h3><p class=\"elementor-image-box-description\">atobeira@gmail.com<\/p><\/div><\/div>\t\t\t\t<\/div>\n\t\t\t\t<\/div>\n\t\t\t\t<div class=\"elementor-element elementor-element-186609eb elementor-vertical-align-top elementor-widget elementor-widget-image-box\" data-id=\"186609eb\" data-element_type=\"widget\" data-e-type=\"widget\" data-widget_type=\"image-box.default\">\n\t\t\t\t<div class=\"elementor-widget-container\">\n\t\t\t\t\t<div class=\"elementor-image-box-wrapper\"><div class=\"elementor-image-box-content\"><h3 class=\"elementor-image-box-title\">Address<\/h3><p class=\"elementor-image-box-description\">Cami\u00f1o Tobeira 14, Nigr\u00e1n, 36379, Playa Am\u00e9rica<\/p><\/div><\/div>\t\t\t\t<\/div>\n\t\t\t\t<\/div>\n\t\t\t\t\t<\/div>\n\t\t<\/div>\n\t\t\t\t\t<\/div>\n\t\t<\/section>\n\t\t\t\t<section class=\"elementor-section elementor-top-section elementor-element elementor-element-5ec3f02e elementor-section-boxed elementor-section-height-default elementor-section-height-default\" data-id=\"5ec3f02e\" data-element_type=\"section\" data-e-type=\"section\">\n\t\t\t\t\t\t<div class=\"elementor-container elementor-column-gap-default\">\n\t\t\t\t\t<div class=\"elementor-column elementor-col-100 elementor-top-column elementor-element elementor-element-5d6f9962\" data-id=\"5d6f9962\" data-element_type=\"column\" data-e-type=\"column\">\n\t\t\t<div class=\"elementor-widget-wrap elementor-element-populated\">\n\t\t\t\t\t\t<div class=\"elementor-element elementor-element-6ecb30d1 elementor-widget elementor-widget-heading\" data-id=\"6ecb30d1\" data-element_type=\"widget\" data-e-type=\"widget\" data-widget_type=\"heading.default\">\n\t\t\t\t<div class=\"elementor-widget-container\">\n\t\t\t\t\t<h2 class=\"elementor-heading-title elementor-size-default\">Normative<\/h2>\t\t\t\t<\/div>\n\t\t\t\t<\/div>\n\t\t\t\t<div class=\"elementor-element elementor-element-41caa318 elementor-widget elementor-widget-eael-adv-accordion\" data-id=\"41caa318\" data-element_type=\"widget\" data-e-type=\"widget\" data-widget_type=\"eael-adv-accordion.default\">\n\t\t\t\t<div class=\"elementor-widget-container\">\n\t\t\t\t\t            <div class=\"eael-adv-accordion\" id=\"eael-adv-accordion-41caa318\" data-scroll-on-click=\"no\" data-scroll-speed=\"300\" data-accordion-id=\"41caa318\" data-accordion-type=\"accordion\" data-toogle-speed=\"300\">\n            <div class=\"eael-accordion-list\">\n\t\t\t\t\t<div id=\"datos\" class=\"elementor-tab-title eael-accordion-header\" tabindex=\"0\" data-tab=\"1\" aria-controls=\"elementor-tab-content-1101\"><span class=\"eael-advanced-accordion-icon-closed\"><i aria-hidden=\"true\" class=\"fa-accordion-icon fas fa-plus\"><\/i><\/span><span class=\"eael-advanced-accordion-icon-opened\"><i aria-hidden=\"true\" class=\"fa-accordion-icon fas fa-minus\"><\/i><\/span><span class=\"eael-accordion-tab-title\">Datos<\/span><i aria-hidden=\"true\" class=\"fa-toggle fas fa-angle-right\"><\/i><\/div><div id=\"elementor-tab-content-1101\" class=\"eael-accordion-content clearfix\" data-tab=\"1\" aria-labelledby=\"datos\"><p>The status of member implies authorization to Atobeira to use the data communicated in the club registration form. In any case, data related to bank accounts and other personal data, such as home or professional... are stored without the option of public access, so they are not exposed to leaks nor can they be seen by other people outside the administration function. of the club. However, data such as telephone number or email may be used for inclusion in student lists for the purposes of school management or interrelationships between the different players of the club. Data protection law: LOPD: In compliance with the provisions of Organic Law 15\/1999 of December 13, on the protection of personal data, you may at any time exercise the rights of access, rectification, cancellation and opposition, communicating it personally or in writing to Atobeira Club de Tenis, cami\u00f1o Tobeira 14, cp 36379, Nigr\u00e1n, or via email to: info@atobeira.com<\/p><\/div>\n\t\t\t\t\t<\/div><div class=\"eael-accordion-list\">\n\t\t\t\t\t<div id=\"comportamiento\" class=\"elementor-tab-title eael-accordion-header\" tabindex=\"0\" data-tab=\"2\" aria-controls=\"elementor-tab-content-1102\"><span class=\"eael-advanced-accordion-icon-closed\"><i aria-hidden=\"true\" class=\"fa-accordion-icon fas fa-plus\"><\/i><\/span><span class=\"eael-advanced-accordion-icon-opened\"><i aria-hidden=\"true\" class=\"fa-accordion-icon fas fa-minus\"><\/i><\/span><span class=\"eael-accordion-tab-title\">Behaviour<\/span><i aria-hidden=\"true\" class=\"fa-toggle fas fa-angle-right\"><\/i><\/div><div id=\"elementor-tab-content-1102\" class=\"eael-accordion-content clearfix\" data-tab=\"2\" aria-labelledby=\"comportamiento\"><p>It is prohibited to bring guests. Only in exceptional cases and with prior authorization can a guest be brought. Former members will not be able to come as guests. Care of the club's sports and training equipment (racquets, balls, teaching materials, etc.), silence, respect for members, players, and respect and care for facilities as well as natural elements are required. In addition, the use of appropriate footwear and clothing, respect and appropriate behavior are requested (there is a decalogue of behavior for students and parents). Each member, after playing, has the duty to transfer the net to the court. In summer, when conditions require it, members also have the duty to water the court before playing.<\/p><\/div>\n\t\t\t\t\t<\/div><div class=\"eael-accordion-list\">\n\t\t\t\t\t<div id=\"normas-generales\" class=\"elementor-tab-title eael-accordion-header\" tabindex=\"0\" data-tab=\"3\" aria-controls=\"elementor-tab-content-1103\"><span class=\"eael-advanced-accordion-icon-closed\"><i aria-hidden=\"true\" class=\"fa-accordion-icon fas fa-plus\"><\/i><\/span><span class=\"eael-advanced-accordion-icon-opened\"><i aria-hidden=\"true\" class=\"fa-accordion-icon fas fa-minus\"><\/i><\/span><span class=\"eael-accordion-tab-title\">General rules<\/span><i aria-hidden=\"true\" class=\"fa-toggle fas fa-angle-right\"><\/i><\/div><div id=\"elementor-tab-content-1103\" class=\"eael-accordion-content clearfix\" data-tab=\"3\" aria-labelledby=\"normas-generales\"><p>Access as a member to Atobeira implies acceptance of the internal rules, as well as the management practices and customs established by the club for its correct use and enjoyment. Membership entitles people included in the membership fee to access, use and enjoy the club, its facilities and its activities. For the use and enjoyment of the slopes, the right of reservation and rental price are established above, depending on the time of use. Quota increases and readjustments, whether annual or for longer periods of time, are carried out automatically. The renewal of the membership status will be carried out continuously annually, unless express communication of cancellation of said status. Voluntary or forced withdrawal from membership will mean the loss of the right to access, use and enjoy the club, its facilities and its activities. Failure to pay club dues in the usual manner and on the established date for annual or quarterly renewal will result in the loss of membership status from the date of non-payment. To register this condition again, it will be subject to the prior acceptance of Atobeira, as well as the conditions and entry quotas and return fees. There is no temporary withdrawal option. Atobeira reserves the right of admission and also has the discretionary power to maintain, expel or not renew the membership status. These rules may vary or change. The latest ones in force will be of general application. (More information in the internal regulations in <a href=\"http:\/\/www.atobeira.com\">atobeira.com<\/a>).<\/p><\/div>\n\t\t\t\t\t<\/div><\/div>\t\t\t\t<\/div>\n\t\t\t\t<\/div>\n\t\t\t\t\t<\/div>\n\t\t<\/div>\n\t\t\t\t\t<\/div>\n\t\t<\/section>\n\t\t\t\t<\/div>","protected":false},"excerpt":{"rendered":"<p>Hazte socio Individual, familiar o Junior Servicios y Tarifas A continuaci\u00f3n detallamos los servicios que podr\u00e1s disfrutar al hacerte socio de nuestro club. Si necesitas ayuda o quieres ver el club tan s\u00f3lo contacta con nosotros. \u00bfComo hacerse socio? Contacta con nosotros para realizar el alta de socio.\u00a0 Como socio individual, familiar o junior: 1er [&hellip;]<\/p>\n","protected":false},"author":1,"featured_media":0,"parent":0,"menu_order":0,"comment_status":"closed","ping_status":"closed","template":"","meta":{"site-sidebar-layout":"no-sidebar","site-content-layout":"page-builder","ast-site-content-layout":"default","site-content-style":"default","site-sidebar-style":"default","ast-global-header-display":"","ast-banner-title-visibility":"","ast-main-header-display":"","ast-hfb-above-header-display":"","ast-hfb-below-header-display":"","ast-hfb-mobile-header-display":"","site-post-title":"disabled","ast-breadcrumbs-content":"","ast-featured-img":"disabled","footer-sml-layout":"","ast-disable-related-posts":"","theme-transparent-header-meta":"","adv-header-id-meta":"","stick-header-meta":"","header-above-stick-meta":"","header-main-stick-meta":"","header-below-stick-meta":"","astra-migrate-meta-layouts":"default","ast-page-background-enabled":"default","ast-page-background-meta":{"desktop":{"background-color":"var(--ast-global-color-4)","background-image":"","background-repeat":"repeat","background-position":"center center","background-size":"auto","background-attachment":"scroll","background-type":"","background-media":"","overlay-type":"","overlay-color":"","overlay-opacity":"","overlay-gradient":""},"tablet":{"background-color":"","background-image":"","background-repeat":"repeat","background-position":"center center","background-size":"auto","background-attachment":"scroll","background-type":"","background-media":"","overlay-type":"","overlay-color":"","overlay-opacity":"","overlay-gradient":""},"mobile":{"background-color":"","background-image":"","background-repeat":"repeat","background-position":"center center","background-size":"auto","background-attachment":"scroll","background-type":"","background-media":"","overlay-type":"","overlay-color":"","overlay-opacity":"","overlay-gradient":""}},"ast-content-background-meta":{"desktop":{"background-color":"var(--ast-global-color-5)","background-image":"","background-repeat":"repeat","background-position":"center center","background-size":"auto","background-attachment":"scroll","background-type":"","background-media":"","overlay-type":"","overlay-color":"","overlay-opacity":"","overlay-gradient":""},"tablet":{"background-color":"var(--ast-global-color-5)","background-image":"","background-repeat":"repeat","background-position":"center center","background-size":"auto","background-attachment":"scroll","background-type":"","background-media":"","overlay-type":"","overlay-color":"","overlay-opacity":"","overlay-gradient":""},"mobile":{"background-color":"var(--ast-global-color-5)","background-image":"","background-repeat":"repeat","background-position":"center center","background-size":"auto","background-attachment":"scroll","background-type":"","background-media":"","overlay-type":"","overlay-color":"","overlay-opacity":"","overlay-gradient":""}},"footnotes":""},"class_list":["post-26870","page","type-page","status-publish","hentry"],"_links":{"self":[{"href":"https:\/\/www.atobeiratenis.com\/en\/wp-json\/wp\/v2\/pages\/26870","targetHints":{"allow":["GET"]}}],"collection":[{"href":"https:\/\/www.atobeiratenis.com\/en\/wp-json\/wp\/v2\/pages"}],"about":[{"href":"https:\/\/www.atobeiratenis.com\/en\/wp-json\/wp\/v2\/types\/page"}],"author":[{"embeddable":true,"href":"https:\/\/www.atobeiratenis.com\/en\/wp-json\/wp\/v2\/users\/1"}],"replies":[{"embeddable":true,"href":"https:\/\/www.atobeiratenis.com\/en\/wp-json\/wp\/v2\/comments?post=26870"}],"version-history":[{"count":18,"href":"https:\/\/www.atobeiratenis.com\/en\/wp-json\/wp\/v2\/pages\/26870\/revisions"}],"predecessor-version":[{"id":29200,"href":"https:\/\/www.atobeiratenis.com\/en\/wp-json\/wp\/v2\/pages\/26870\/revisions\/29200"}],"wp:attachment":[{"href":"https:\/\/www.atobeiratenis.com\/en\/wp-json\/wp\/v2\/media?parent=26870"}],"curies":[{"name":"wp","href":"https:\/\/api.w.org\/{rel}","templated":true}]}}